{"id":1033,"date":"2020-11-28T15:12:23","date_gmt":"2020-11-28T15:12:23","guid":{"rendered":"https:\/\/www.cambiatumundo.org\/?page_id=1033"},"modified":"2020-11-28T17:36:52","modified_gmt":"2020-11-28T17:36:52","slug":"webs-de-interes","status":"publish","type":"page","link":"https:\/\/www.cambiatumundo.org\/?page_id=1033","title":{"rendered":"Webs de inter\u00e9s."},"content":{"rendered":"\n<figure class=\"wp-block-image size-large is-resized\"><a href=\"https:\/\/www.sens.org\/\"><img decoding=\"async\" src=\"https:\/\/www.cambiatumundo.org\/wp-content\/uploads\/2020\/11\/SRF_Logo_Wide_LightBkgd-1-1024x159.png\" alt=\"\" class=\"wp-image-1047\" width=\"278\" height=\"43\" srcset=\"https:\/\/www.cambiatumundo.org\/wp-content\/uploads\/2020\/11\/SRF_Logo_Wide_LightBkgd-1-1024x159.png 1024w, https:\/\/www.cambiatumundo.org\/wp-content\/uploads\/2020\/11\/SRF_Logo_Wide_LightBkgd-1-300x47.png 300w, https:\/\/www.cambiatumundo.org\/wp-content\/uploads\/2020\/11\/SRF_Logo_Wide_LightBkgd-1-768x119.png 768w, https:\/\/www.cambiatumundo.org\/wp-content\/uploads\/2020\/11\/SRF_Logo_Wide_LightBkgd-1-1536x239.png 1536w, https:\/\/www.cambiatumundo.org\/wp-content\/uploads\/2020\/11\/SRF_Logo_Wide_LightBkgd-1-2048x318.png 2048w\" sizes=\"(max-width: 278px) 100vw, 278px\" \/><\/a><\/figure>\n\n\n\n<h3 class=\"wp-block-heading\" id=\"h-cambia-tu-mundo-pinterest\"><a href=\"https:\/\/www.pinterest.es\/mce866615\/cambia-tu-mundo\/\">Cambia tu mundo; pinterest.<\/a><\/h3>\n\n\n\n<figure class=\"wp-block-image size-large\"><img decoding=\"async\" width=\"182\" height=\"164\" src=\"https:\/\/www.cambiatumundo.org\/wp-content\/uploads\/2020\/11\/descarga.png\" alt=\"\" class=\"wp-image-1062\"\/><figcaption><a href=\"https:\/\/www.cambiatumundo.com.ar\/\">Fundaci\u00f3n C\u00e1tedra de la fe.<\/a><\/figcaption><\/figure>\n\n\n\n<figure class=\"wp-block-image size-large\"><img decoding=\"async\" width=\"250\" height=\"199\" src=\"https:\/\/www.cambiatumundo.org\/wp-content\/uploads\/2020\/11\/aciprensa.jpg\" alt=\"\" class=\"wp-image-1075\"\/><figcaption><a href=\"https:\/\/www.aciprensa.com\/\">Agencia Cat\u00f3lica de Informaciones.<\/a><\/figcaption><\/figure>\n\n\n\n<p>Si quieres sugerir cualquier web de inter\u00e9s para ayudar a cambiar tu mundo, estar\u00edamos encantados de publicarla en esta secci\u00f3n.<\/p>\n","protected":false},"excerpt":{"rendered":"<div class=\"mh-excerpt\"><p>Cambia tu mundo; pinterest. Si quieres sugerir cualquier web de inter\u00e9s para ayudar a cambiar tu mundo, estar\u00edamos encantados de publicarla en esta secci\u00f3n.<\/p>\n<\/div>","protected":false},"author":1,"featured_media":0,"parent":0,"menu_order":0,"comment_status":"open","ping_status":"closed","template":"template-full.php","meta":{"footnotes":""},"yoast_head":"<!-- This site is optimized with the Yoast SEO plugin v22.6 - https:\/\/yoast.com\/wordpress\/plugins\/seo\/ -->\n<title>Webs de inter\u00e9s. - Cambia tu mundo - Empieza por ti<\/title>\n<meta name=\"robots\" content=\"index, follow, max-snippet:-1, max-image-preview:large, max-video-preview:-1\" \/>\n<link rel=\"canonical\" href=\"https:\/\/www.cambiatumundo.org\/?page_id=1033\" \/>\n<meta property=\"og:locale\" content=\"es_ES\" \/>\n<meta property=\"og:type\" content=\"article\" \/>\n<meta property=\"og:title\" content=\"Webs de inter\u00e9s. - Cambia tu mundo - Empieza por ti\" \/>\n<meta property=\"og:description\" content=\"Cambia tu mundo; pinterest. Si quieres sugerir cualquier web de inter\u00e9s para ayudar a cambiar tu mundo, estar\u00edamos encantados de publicarla en esta secci\u00f3n.\" \/>\n<meta property=\"og:url\" content=\"https:\/\/www.cambiatumundo.org\/?page_id=1033\" \/>\n<meta property=\"og:site_name\" content=\"Cambia tu mundo - Empieza por ti\" \/>\n<meta property=\"article:modified_time\" content=\"2020-11-28T17:36:52+00:00\" \/>\n<meta property=\"og:image\" content=\"https:\/\/www.cambiatumundo.org\/wp-content\/uploads\/2020\/11\/SRF_Logo_Wide_LightBkgd-1-1024x159.png\" \/>\n<meta name=\"twitter:card\" content=\"summary_large_image\" \/>\n<script type=\"application\/ld+json\" class=\"yoast-schema-graph\">{\"@context\":\"https:\/\/schema.org\",\"@graph\":[{\"@type\":\"WebPage\",\"@id\":\"https:\/\/www.cambiatumundo.org\/?page_id=1033\",\"url\":\"https:\/\/www.cambiatumundo.org\/?page_id=1033\",\"name\":\"Webs de inter\u00e9s. - Cambia tu mundo - Empieza por ti\",\"isPartOf\":{\"@id\":\"https:\/\/www.cambiatumundo.org\/#website\"},\"primaryImageOfPage\":{\"@id\":\"https:\/\/www.cambiatumundo.org\/?page_id=1033#primaryimage\"},\"image\":{\"@id\":\"https:\/\/www.cambiatumundo.org\/?page_id=1033#primaryimage\"},\"thumbnailUrl\":\"https:\/\/www.cambiatumundo.org\/wp-content\/uploads\/2020\/11\/SRF_Logo_Wide_LightBkgd-1-1024x159.png\",\"datePublished\":\"2020-11-28T15:12:23+00:00\",\"dateModified\":\"2020-11-28T17:36:52+00:00\",\"breadcrumb\":{\"@id\":\"https:\/\/www.cambiatumundo.org\/?page_id=1033#breadcrumb\"},\"inLanguage\":\"es\",\"potentialAction\":[{\"@type\":\"ReadAction\",\"target\":[\"https:\/\/www.cambiatumundo.org\/?page_id=1033\"]}]},{\"@type\":\"ImageObject\",\"inLanguage\":\"es\",\"@id\":\"https:\/\/www.cambiatumundo.org\/?page_id=1033#primaryimage\",\"url\":\"https:\/\/www.cambiatumundo.org\/wp-content\/uploads\/2020\/11\/SRF_Logo_Wide_LightBkgd-1.png\",\"contentUrl\":\"https:\/\/www.cambiatumundo.org\/wp-content\/uploads\/2020\/11\/SRF_Logo_Wide_LightBkgd-1.png\",\"width\":2400,\"height\":373},{\"@type\":\"BreadcrumbList\",\"@id\":\"https:\/\/www.cambiatumundo.org\/?page_id=1033#breadcrumb\",\"itemListElement\":[{\"@type\":\"ListItem\",\"position\":1,\"name\":\"Portada\",\"item\":\"https:\/\/www.cambiatumundo.org\/\"},{\"@type\":\"ListItem\",\"position\":2,\"name\":\"Webs de inter\u00e9s.\"}]},{\"@type\":\"WebSite\",\"@id\":\"https:\/\/www.cambiatumundo.org\/#website\",\"url\":\"https:\/\/www.cambiatumundo.org\/\",\"name\":\"Cambia tu mundo - Empieza por ti\",\"description\":\"la web de las personas que creen que un mundo mejor es posible\",\"publisher\":{\"@id\":\"https:\/\/www.cambiatumundo.org\/#organization\"},\"potentialAction\":[{\"@type\":\"SearchAction\",\"target\":{\"@type\":\"EntryPoint\",\"urlTemplate\":\"https:\/\/www.cambiatumundo.org\/?s={search_term_string}\"},\"query-input\":\"required name=search_term_string\"}],\"inLanguage\":\"es\"},{\"@type\":\"Organization\",\"@id\":\"https:\/\/www.cambiatumundo.org\/#organization\",\"name\":\"Ateneo Digital\",\"url\":\"https:\/\/www.cambiatumundo.org\/\",\"logo\":{\"@type\":\"ImageObject\",\"inLanguage\":\"es\",\"@id\":\"https:\/\/www.cambiatumundo.org\/#\/schema\/logo\/image\/\",\"url\":\"https:\/\/www.cambiatumundo.org\/wp-content\/uploads\/2022\/04\/cropped-LOGO-RAMON-e1648989857352.png\",\"contentUrl\":\"https:\/\/www.cambiatumundo.org\/wp-content\/uploads\/2022\/04\/cropped-LOGO-RAMON-e1648989857352.png\",\"width\":82,\"height\":84,\"caption\":\"Ateneo Digital\"},\"image\":{\"@id\":\"https:\/\/www.cambiatumundo.org\/#\/schema\/logo\/image\/\"},\"sameAs\":[\"https:\/\/www.instagram.com\/ramonhornurena\/\"]}]}<\/script>\n<!-- \/ Yoast SEO plugin. -->","yoast_head_json":{"title":"Webs de inter\u00e9s. - Cambia tu mundo - Empieza por ti","robots":{"index":"index","follow":"follow","max-snippet":"max-snippet:-1","max-image-preview":"max-image-preview:large","max-video-preview":"max-video-preview:-1"},"canonical":"https:\/\/www.cambiatumundo.org\/?page_id=1033","og_locale":"es_ES","og_type":"article","og_title":"Webs de inter\u00e9s. - Cambia tu mundo - Empieza por ti","og_description":"Cambia tu mundo; pinterest. Si quieres sugerir cualquier web de inter\u00e9s para ayudar a cambiar tu mundo, estar\u00edamos encantados de publicarla en esta secci\u00f3n.","og_url":"https:\/\/www.cambiatumundo.org\/?page_id=1033","og_site_name":"Cambia tu mundo - Empieza por ti","article_modified_time":"2020-11-28T17:36:52+00:00","og_image":[{"url":"https:\/\/www.cambiatumundo.org\/wp-content\/uploads\/2020\/11\/SRF_Logo_Wide_LightBkgd-1-1024x159.png"}],"twitter_card":"summary_large_image","schema":{"@context":"https:\/\/schema.org","@graph":[{"@type":"WebPage","@id":"https:\/\/www.cambiatumundo.org\/?page_id=1033","url":"https:\/\/www.cambiatumundo.org\/?page_id=1033","name":"Webs de inter\u00e9s. - Cambia tu mundo - Empieza por ti","isPartOf":{"@id":"https:\/\/www.cambiatumundo.org\/#website"},"primaryImageOfPage":{"@id":"https:\/\/www.cambiatumundo.org\/?page_id=1033#primaryimage"},"image":{"@id":"https:\/\/www.cambiatumundo.org\/?page_id=1033#primaryimage"},"thumbnailUrl":"https:\/\/www.cambiatumundo.org\/wp-content\/uploads\/2020\/11\/SRF_Logo_Wide_LightBkgd-1-1024x159.png","datePublished":"2020-11-28T15:12:23+00:00","dateModified":"2020-11-28T17:36:52+00:00","breadcrumb":{"@id":"https:\/\/www.cambiatumundo.org\/?page_id=1033#breadcrumb"},"inLanguage":"es","potentialAction":[{"@type":"ReadAction","target":["https:\/\/www.cambiatumundo.org\/?page_id=1033"]}]},{"@type":"ImageObject","inLanguage":"es","@id":"https:\/\/www.cambiatumundo.org\/?page_id=1033#primaryimage","url":"https:\/\/www.cambiatumundo.org\/wp-content\/uploads\/2020\/11\/SRF_Logo_Wide_LightBkgd-1.png","contentUrl":"https:\/\/www.cambiatumundo.org\/wp-content\/uploads\/2020\/11\/SRF_Logo_Wide_LightBkgd-1.png","width":2400,"height":373},{"@type":"BreadcrumbList","@id":"https:\/\/www.cambiatumundo.org\/?page_id=1033#breadcrumb","itemListElement":[{"@type":"ListItem","position":1,"name":"Portada","item":"https:\/\/www.cambiatumundo.org\/"},{"@type":"ListItem","position":2,"name":"Webs de inter\u00e9s."}]},{"@type":"WebSite","@id":"https:\/\/www.cambiatumundo.org\/#website","url":"https:\/\/www.cambiatumundo.org\/","name":"Cambia tu mundo - Empieza por ti","description":"la web de las personas que creen que un mundo mejor es posible","publisher":{"@id":"https:\/\/www.cambiatumundo.org\/#organization"},"potentialAction":[{"@type":"SearchAction","target":{"@type":"EntryPoint","urlTemplate":"https:\/\/www.cambiatumundo.org\/?s={search_term_string}"},"query-input":"required name=search_term_string"}],"inLanguage":"es"},{"@type":"Organization","@id":"https:\/\/www.cambiatumundo.org\/#organization","name":"Ateneo Digital","url":"https:\/\/www.cambiatumundo.org\/","logo":{"@type":"ImageObject","inLanguage":"es","@id":"https:\/\/www.cambiatumundo.org\/#\/schema\/logo\/image\/","url":"https:\/\/www.cambiatumundo.org\/wp-content\/uploads\/2022\/04\/cropped-LOGO-RAMON-e1648989857352.png","contentUrl":"https:\/\/www.cambiatumundo.org\/wp-content\/uploads\/2022\/04\/cropped-LOGO-RAMON-e1648989857352.png","width":82,"height":84,"caption":"Ateneo Digital"},"image":{"@id":"https:\/\/www.cambiatumundo.org\/#\/schema\/logo\/image\/"},"sameAs":["https:\/\/www.instagram.com\/ramonhornurena\/"]}]}},"_links":{"self":[{"href":"https:\/\/www.cambiatumundo.org\/index.php?rest_route=\/wp\/v2\/pages\/1033"}],"collection":[{"href":"https:\/\/www.cambiatumundo.org\/index.php?rest_route=\/wp\/v2\/pages"}],"about":[{"href":"https:\/\/www.cambiatumundo.org\/index.php?rest_route=\/wp\/v2\/types\/page"}],"author":[{"embeddable":true,"href":"https:\/\/www.cambiatumundo.org\/index.php?rest_route=\/wp\/v2\/users\/1"}],"replies":[{"embeddable":true,"href":"https:\/\/www.cambiatumundo.org\/index.php?rest_route=%2Fwp%2Fv2%2Fcomments&post=1033"}],"version-history":[{"count":11,"href":"https:\/\/www.cambiatumundo.org\/index.php?rest_route=\/wp\/v2\/pages\/1033\/revisions"}],"predecessor-version":[{"id":1087,"href":"https:\/\/www.cambiatumundo.org\/index.php?rest_route=\/wp\/v2\/pages\/1033\/revisions\/1087"}],"wp:attachment":[{"href":"https:\/\/www.cambiatumundo.org\/index.php?rest_route=%2Fwp%2Fv2%2Fmedia&parent=1033"}],"curies":[{"name":"wp","href":"https:\/\/api.w.org\/{rel}","templated":true}]}}