{"id":1097,"date":"2020-11-28T16:42:22","date_gmt":"2020-11-28T16:42:22","guid":{"rendered":"https:\/\/www.cambiatumundo.org\/?page_id=1097"},"modified":"2020-11-28T17:04:43","modified_gmt":"2020-11-28T17:04:43","slug":"campanas","status":"publish","type":"page","link":"https:\/\/www.cambiatumundo.org\/?page_id=1097","title":{"rendered":"Recogida de firmas"},"content":{"rendered":"\n<p>Si quieres ayudar a cambiar lo que no te gusta en el mundo, una de las formas m\u00e1s utilizadas, y que puedes hacer desde tu casa es la de firmar campa\u00f1as de temas que te resulten de tu inter\u00e9s. Existen m\u00faltiples plataformas digitales que se dedican a ello, incluso puedes realizar tu propia campa\u00f1a y difundirla.<\/p>\n\n\n\n<p>Sugerimos a continuaci\u00f3n varias webs de este tipo. Como siempre decimos, si deseas sugerir una web de este tipo, rem\u00edtenos el enlace y la a\u00f1adiremos. Deseamos que las webs de recogida de firmas sean multiculturales. As\u00ed que intentaremos, poco a poco, ir introduciendo de distintas orientaciones, siempre y cuando no atenten contra los derechos humanos. Tenemos tambi\u00e9n en desarrollo un proyecto para poner en marcha nuestro propio sistema de recogida de firmas. <\/p>\n\n\n\n<figure class=\"wp-block-image size-large is-resized\"><img decoding=\"async\" src=\"https:\/\/www.cambiatumundo.org\/wp-content\/uploads\/2020\/11\/change-org.png\" alt=\"\" class=\"wp-image-1110\" width=\"282\" height=\"160\"\/><figcaption><a href=\"https:\/\/www.change.org\/es\">La mayor plataforma de recogida de firmas del mundo.<\/a><\/figcaption><\/figure>\n\n\n\n<figure class=\"wp-block-image size-large\"><img fetchpriority=\"high\" decoding=\"async\" width=\"267\" height=\"189\" src=\"https:\/\/www.cambiatumundo.org\/wp-content\/uploads\/2020\/11\/citizen-go.png\" alt=\"\" class=\"wp-image-1099\"\/><figcaption><a href=\"https:\/\/www.citizengo.org\/es-lat\">CitizenGO es una comunidad de ciudadanos que se re\u00fane con la finalidad de facultar e impulsar su participaci\u00f3n en la vida p\u00fablica de sus pa\u00edses y en el \u00e1mbito internacional.<\/a><\/figcaption><\/figure>\n\n\n\n<p><\/p>\n","protected":false},"excerpt":{"rendered":"<div class=\"mh-excerpt\"><p>Si quieres ayudar a cambiar lo que no te gusta en el mundo, una de las formas m\u00e1s utilizadas, y que puedes hacer desde tu casa es la de firmar campa\u00f1as de temas que te <a class=\"mh-excerpt-more\" href=\"https:\/\/www.cambiatumundo.org\/?page_id=1097\" title=\"Recogida de firmas\">[&#8230;]<\/a><\/p>\n<\/div>","protected":false},"author":1,"featured_media":0,"parent":0,"menu_order":0,"comment_status":"open","ping_status":"closed","template":"template-full.php","meta":{"footnotes":""},"yoast_head":"<!-- This site is optimized with the Yoast SEO plugin v22.6 - https:\/\/yoast.com\/wordpress\/plugins\/seo\/ -->\n<title>Recogida de firmas - Cambia tu mundo - Empieza por ti<\/title>\n<meta name=\"robots\" content=\"index, follow, max-snippet:-1, max-image-preview:large, max-video-preview:-1\" \/>\n<link rel=\"canonical\" href=\"https:\/\/www.cambiatumundo.org\/?page_id=1097\" \/>\n<meta property=\"og:locale\" content=\"es_ES\" \/>\n<meta property=\"og:type\" content=\"article\" \/>\n<meta property=\"og:title\" content=\"Recogida de firmas - Cambia tu mundo - Empieza por ti\" \/>\n<meta property=\"og:description\" content=\"Si quieres ayudar a cambiar lo que no te gusta en el mundo, una de las formas m\u00e1s utilizadas, y que puedes hacer desde tu casa es la de firmar campa\u00f1as de temas que te [...]\" \/>\n<meta property=\"og:url\" content=\"https:\/\/www.cambiatumundo.org\/?page_id=1097\" \/>\n<meta property=\"og:site_name\" content=\"Cambia tu mundo - Empieza por ti\" \/>\n<meta property=\"article:modified_time\" content=\"2020-11-28T17:04:43+00:00\" \/>\n<meta property=\"og:image\" content=\"https:\/\/www.cambiatumundo.org\/wp-content\/uploads\/2020\/11\/change-org.png\" \/>\n<meta name=\"twitter:card\" content=\"summary_large_image\" \/>\n<meta name=\"twitter:label1\" content=\"Tiempo de lectura\" \/>\n\t<meta name=\"twitter:data1\" content=\"1 minuto\" \/>\n<script type=\"application\/ld+json\" class=\"yoast-schema-graph\">{\"@context\":\"https:\/\/schema.org\",\"@graph\":[{\"@type\":\"WebPage\",\"@id\":\"https:\/\/www.cambiatumundo.org\/?page_id=1097\",\"url\":\"https:\/\/www.cambiatumundo.org\/?page_id=1097\",\"name\":\"Recogida de firmas - Cambia tu mundo - Empieza por ti\",\"isPartOf\":{\"@id\":\"https:\/\/www.cambiatumundo.org\/#website\"},\"primaryImageOfPage\":{\"@id\":\"https:\/\/www.cambiatumundo.org\/?page_id=1097#primaryimage\"},\"image\":{\"@id\":\"https:\/\/www.cambiatumundo.org\/?page_id=1097#primaryimage\"},\"thumbnailUrl\":\"https:\/\/www.cambiatumundo.org\/wp-content\/uploads\/2020\/11\/change-org.png\",\"datePublished\":\"2020-11-28T16:42:22+00:00\",\"dateModified\":\"2020-11-28T17:04:43+00:00\",\"breadcrumb\":{\"@id\":\"https:\/\/www.cambiatumundo.org\/?page_id=1097#breadcrumb\"},\"inLanguage\":\"es\",\"potentialAction\":[{\"@type\":\"ReadAction\",\"target\":[\"https:\/\/www.cambiatumundo.org\/?page_id=1097\"]}]},{\"@type\":\"ImageObject\",\"inLanguage\":\"es\",\"@id\":\"https:\/\/www.cambiatumundo.org\/?page_id=1097#primaryimage\",\"url\":\"https:\/\/www.cambiatumundo.org\/wp-content\/uploads\/2020\/11\/change-org.png\",\"contentUrl\":\"https:\/\/www.cambiatumundo.org\/wp-content\/uploads\/2020\/11\/change-org.png\",\"width\":298,\"height\":169},{\"@type\":\"BreadcrumbList\",\"@id\":\"https:\/\/www.cambiatumundo.org\/?page_id=1097#breadcrumb\",\"itemListElement\":[{\"@type\":\"ListItem\",\"position\":1,\"name\":\"Portada\",\"item\":\"https:\/\/www.cambiatumundo.org\/\"},{\"@type\":\"ListItem\",\"position\":2,\"name\":\"Recogida de firmas\"}]},{\"@type\":\"WebSite\",\"@id\":\"https:\/\/www.cambiatumundo.org\/#website\",\"url\":\"https:\/\/www.cambiatumundo.org\/\",\"name\":\"Cambia tu mundo - Empieza por ti\",\"description\":\"la web de las personas que creen que un mundo mejor es posible\",\"publisher\":{\"@id\":\"https:\/\/www.cambiatumundo.org\/#organization\"},\"potentialAction\":[{\"@type\":\"SearchAction\",\"target\":{\"@type\":\"EntryPoint\",\"urlTemplate\":\"https:\/\/www.cambiatumundo.org\/?s={search_term_string}\"},\"query-input\":\"required name=search_term_string\"}],\"inLanguage\":\"es\"},{\"@type\":\"Organization\",\"@id\":\"https:\/\/www.cambiatumundo.org\/#organization\",\"name\":\"Ateneo Digital\",\"url\":\"https:\/\/www.cambiatumundo.org\/\",\"logo\":{\"@type\":\"ImageObject\",\"inLanguage\":\"es\",\"@id\":\"https:\/\/www.cambiatumundo.org\/#\/schema\/logo\/image\/\",\"url\":\"https:\/\/www.cambiatumundo.org\/wp-content\/uploads\/2022\/04\/cropped-LOGO-RAMON-e1648989857352.png\",\"contentUrl\":\"https:\/\/www.cambiatumundo.org\/wp-content\/uploads\/2022\/04\/cropped-LOGO-RAMON-e1648989857352.png\",\"width\":82,\"height\":84,\"caption\":\"Ateneo Digital\"},\"image\":{\"@id\":\"https:\/\/www.cambiatumundo.org\/#\/schema\/logo\/image\/\"},\"sameAs\":[\"https:\/\/www.instagram.com\/ramonhornurena\/\"]}]}<\/script>\n<!-- \/ Yoast SEO plugin. -->","yoast_head_json":{"title":"Recogida de firmas - Cambia tu mundo - Empieza por ti","robots":{"index":"index","follow":"follow","max-snippet":"max-snippet:-1","max-image-preview":"max-image-preview:large","max-video-preview":"max-video-preview:-1"},"canonical":"https:\/\/www.cambiatumundo.org\/?page_id=1097","og_locale":"es_ES","og_type":"article","og_title":"Recogida de firmas - Cambia tu mundo - Empieza por ti","og_description":"Si quieres ayudar a cambiar lo que no te gusta en el mundo, una de las formas m\u00e1s utilizadas, y que puedes hacer desde tu casa es la de firmar campa\u00f1as de temas que te [...]","og_url":"https:\/\/www.cambiatumundo.org\/?page_id=1097","og_site_name":"Cambia tu mundo - Empieza por ti","article_modified_time":"2020-11-28T17:04:43+00:00","og_image":[{"url":"https:\/\/www.cambiatumundo.org\/wp-content\/uploads\/2020\/11\/change-org.png"}],"twitter_card":"summary_large_image","twitter_misc":{"Tiempo de lectura":"1 minuto"},"schema":{"@context":"https:\/\/schema.org","@graph":[{"@type":"WebPage","@id":"https:\/\/www.cambiatumundo.org\/?page_id=1097","url":"https:\/\/www.cambiatumundo.org\/?page_id=1097","name":"Recogida de firmas - Cambia tu mundo - Empieza por ti","isPartOf":{"@id":"https:\/\/www.cambiatumundo.org\/#website"},"primaryImageOfPage":{"@id":"https:\/\/www.cambiatumundo.org\/?page_id=1097#primaryimage"},"image":{"@id":"https:\/\/www.cambiatumundo.org\/?page_id=1097#primaryimage"},"thumbnailUrl":"https:\/\/www.cambiatumundo.org\/wp-content\/uploads\/2020\/11\/change-org.png","datePublished":"2020-11-28T16:42:22+00:00","dateModified":"2020-11-28T17:04:43+00:00","breadcrumb":{"@id":"https:\/\/www.cambiatumundo.org\/?page_id=1097#breadcrumb"},"inLanguage":"es","potentialAction":[{"@type":"ReadAction","target":["https:\/\/www.cambiatumundo.org\/?page_id=1097"]}]},{"@type":"ImageObject","inLanguage":"es","@id":"https:\/\/www.cambiatumundo.org\/?page_id=1097#primaryimage","url":"https:\/\/www.cambiatumundo.org\/wp-content\/uploads\/2020\/11\/change-org.png","contentUrl":"https:\/\/www.cambiatumundo.org\/wp-content\/uploads\/2020\/11\/change-org.png","width":298,"height":169},{"@type":"BreadcrumbList","@id":"https:\/\/www.cambiatumundo.org\/?page_id=1097#breadcrumb","itemListElement":[{"@type":"ListItem","position":1,"name":"Portada","item":"https:\/\/www.cambiatumundo.org\/"},{"@type":"ListItem","position":2,"name":"Recogida de firmas"}]},{"@type":"WebSite","@id":"https:\/\/www.cambiatumundo.org\/#website","url":"https:\/\/www.cambiatumundo.org\/","name":"Cambia tu mundo - Empieza por ti","description":"la web de las personas que creen que un mundo mejor es posible","publisher":{"@id":"https:\/\/www.cambiatumundo.org\/#organization"},"potentialAction":[{"@type":"SearchAction","target":{"@type":"EntryPoint","urlTemplate":"https:\/\/www.cambiatumundo.org\/?s={search_term_string}"},"query-input":"required name=search_term_string"}],"inLanguage":"es"},{"@type":"Organization","@id":"https:\/\/www.cambiatumundo.org\/#organization","name":"Ateneo Digital","url":"https:\/\/www.cambiatumundo.org\/","logo":{"@type":"ImageObject","inLanguage":"es","@id":"https:\/\/www.cambiatumundo.org\/#\/schema\/logo\/image\/","url":"https:\/\/www.cambiatumundo.org\/wp-content\/uploads\/2022\/04\/cropped-LOGO-RAMON-e1648989857352.png","contentUrl":"https:\/\/www.cambiatumundo.org\/wp-content\/uploads\/2022\/04\/cropped-LOGO-RAMON-e1648989857352.png","width":82,"height":84,"caption":"Ateneo Digital"},"image":{"@id":"https:\/\/www.cambiatumundo.org\/#\/schema\/logo\/image\/"},"sameAs":["https:\/\/www.instagram.com\/ramonhornurena\/"]}]}},"_links":{"self":[{"href":"https:\/\/www.cambiatumundo.org\/index.php?rest_route=\/wp\/v2\/pages\/1097"}],"collection":[{"href":"https:\/\/www.cambiatumundo.org\/index.php?rest_route=\/wp\/v2\/pages"}],"about":[{"href":"https:\/\/www.cambiatumundo.org\/index.php?rest_route=\/wp\/v2\/types\/page"}],"author":[{"embeddable":true,"href":"https:\/\/www.cambiatumundo.org\/index.php?rest_route=\/wp\/v2\/users\/1"}],"replies":[{"embeddable":true,"href":"https:\/\/www.cambiatumundo.org\/index.php?rest_route=%2Fwp%2Fv2%2Fcomments&post=1097"}],"version-history":[{"count":6,"href":"https:\/\/www.cambiatumundo.org\/index.php?rest_route=\/wp\/v2\/pages\/1097\/revisions"}],"predecessor-version":[{"id":1128,"href":"https:\/\/www.cambiatumundo.org\/index.php?rest_route=\/wp\/v2\/pages\/1097\/revisions\/1128"}],"wp:attachment":[{"href":"https:\/\/www.cambiatumundo.org\/index.php?rest_route=%2Fwp%2Fv2%2Fmedia&parent=1097"}],"curies":[{"name":"wp","href":"https:\/\/api.w.org\/{rel}","templated":true}]}}