{"id":1802,"date":"2023-10-02T11:36:14","date_gmt":"2023-10-02T11:36:14","guid":{"rendered":"https:\/\/www.cambiatumundo.org\/?page_id=1802"},"modified":"2023-10-07T11:39:04","modified_gmt":"2023-10-07T11:39:04","slug":"elementor-1802","status":"publish","type":"page","link":"https:\/\/www.cambiatumundo.org\/?page_id=1802","title":{"rendered":"\u00e1ngeles custodios"},"content":{"rendered":"\t\t<div data-elementor-type=\"wp-page\" data-elementor-id=\"1802\" class=\"elementor elementor-1802\">\n\t\t\t\t\t\t<section class=\"elementor-section elementor-top-section elementor-element elementor-element-05ffcb5 elementor-section-boxed elementor-section-height-default elementor-section-height-default\" data-id=\"05ffcb5\" data-element_type=\"section\">\n\t\t\t\t\t\t<div class=\"elementor-container elementor-column-gap-default\">\n\t\t\t\t\t<div class=\"elementor-column elementor-col-100 elementor-top-column elementor-element elementor-element-e7b56b9\" data-id=\"e7b56b9\" data-element_type=\"column\">\n\t\t\t<div class=\"elementor-widget-wrap elementor-element-populated\">\n\t\t\t\t\t\t<div class=\"elementor-element elementor-element-ddde9a0 elementor-widget__width-inherit elementor-widget elementor-widget-heading\" data-id=\"ddde9a0\" data-element_type=\"widget\" data-widget_type=\"heading.default\">\n\t\t\t\t<div class=\"elementor-widget-container\">\n\t\t\t\t\t<h2 class=\"elementor-heading-title elementor-size-default\"><b>Dos de octubre: d\u00eda de los \u00e1ngeles custodios.<\/b><\/h2>\t\t\t\t<\/div>\n\t\t\t\t<\/div>\n\t\t\t\t\t<\/div>\n\t\t<\/div>\n\t\t\t\t\t<\/div>\n\t\t<\/section>\n\t\t\t\t<\/div>\n\t\t","protected":false},"excerpt":{"rendered":"<div class=\"mh-excerpt\"><p>Dos de octubre: d\u00eda de los \u00e1ngeles custodios.<\/p>\n<\/div>","protected":false},"author":1,"featured_media":0,"parent":0,"menu_order":0,"comment_status":"closed","ping_status":"closed","template":"elementor_header_footer","meta":{"footnotes":""},"yoast_head":"<!-- This site is optimized with the Yoast SEO plugin v22.6 - https:\/\/yoast.com\/wordpress\/plugins\/seo\/ -->\n<title>\u00e1ngeles custodios - Cambia tu mundo - Empieza por ti<\/title>\n<meta name=\"robots\" content=\"index, follow, max-snippet:-1, max-image-preview:large, max-video-preview:-1\" \/>\n<link rel=\"canonical\" href=\"https:\/\/www.cambiatumundo.org\/?page_id=1802\" \/>\n<meta property=\"og:locale\" content=\"es_ES\" \/>\n<meta property=\"og:type\" content=\"article\" \/>\n<meta property=\"og:title\" content=\"\u00e1ngeles custodios - Cambia tu mundo - Empieza por ti\" \/>\n<meta property=\"og:description\" content=\"Dos de octubre: d\u00eda de los \u00e1ngeles custodios.\" \/>\n<meta property=\"og:url\" content=\"https:\/\/www.cambiatumundo.org\/?page_id=1802\" \/>\n<meta property=\"og:site_name\" content=\"Cambia tu mundo - Empieza por ti\" \/>\n<meta property=\"article:modified_time\" content=\"2023-10-07T11:39:04+00:00\" \/>\n<meta name=\"twitter:card\" content=\"summary_large_image\" \/>\n<meta name=\"twitter:label1\" content=\"Tiempo de lectura\" \/>\n\t<meta name=\"twitter:data1\" content=\"1 minuto\" \/>\n<script type=\"application\/ld+json\" class=\"yoast-schema-graph\">{\"@context\":\"https:\/\/schema.org\",\"@graph\":[{\"@type\":\"WebPage\",\"@id\":\"https:\/\/www.cambiatumundo.org\/?page_id=1802\",\"url\":\"https:\/\/www.cambiatumundo.org\/?page_id=1802\",\"name\":\"\u00e1ngeles custodios - Cambia tu mundo - Empieza por ti\",\"isPartOf\":{\"@id\":\"https:\/\/www.cambiatumundo.org\/#website\"},\"datePublished\":\"2023-10-02T11:36:14+00:00\",\"dateModified\":\"2023-10-07T11:39:04+00:00\",\"breadcrumb\":{\"@id\":\"https:\/\/www.cambiatumundo.org\/?page_id=1802#breadcrumb\"},\"inLanguage\":\"es\",\"potentialAction\":[{\"@type\":\"ReadAction\",\"target\":[\"https:\/\/www.cambiatumundo.org\/?page_id=1802\"]}]},{\"@type\":\"BreadcrumbList\",\"@id\":\"https:\/\/www.cambiatumundo.org\/?page_id=1802#breadcrumb\",\"itemListElement\":[{\"@type\":\"ListItem\",\"position\":1,\"name\":\"Portada\",\"item\":\"https:\/\/www.cambiatumundo.org\/\"},{\"@type\":\"ListItem\",\"position\":2,\"name\":\"\u00e1ngeles custodios\"}]},{\"@type\":\"WebSite\",\"@id\":\"https:\/\/www.cambiatumundo.org\/#website\",\"url\":\"https:\/\/www.cambiatumundo.org\/\",\"name\":\"Cambia tu mundo - Empieza por ti\",\"description\":\"la web de las personas que creen que un mundo mejor es posible\",\"publisher\":{\"@id\":\"https:\/\/www.cambiatumundo.org\/#organization\"},\"potentialAction\":[{\"@type\":\"SearchAction\",\"target\":{\"@type\":\"EntryPoint\",\"urlTemplate\":\"https:\/\/www.cambiatumundo.org\/?s={search_term_string}\"},\"query-input\":\"required name=search_term_string\"}],\"inLanguage\":\"es\"},{\"@type\":\"Organization\",\"@id\":\"https:\/\/www.cambiatumundo.org\/#organization\",\"name\":\"Ateneo Digital\",\"url\":\"https:\/\/www.cambiatumundo.org\/\",\"logo\":{\"@type\":\"ImageObject\",\"inLanguage\":\"es\",\"@id\":\"https:\/\/www.cambiatumundo.org\/#\/schema\/logo\/image\/\",\"url\":\"https:\/\/www.cambiatumundo.org\/wp-content\/uploads\/2022\/04\/cropped-LOGO-RAMON-e1648989857352.png\",\"contentUrl\":\"https:\/\/www.cambiatumundo.org\/wp-content\/uploads\/2022\/04\/cropped-LOGO-RAMON-e1648989857352.png\",\"width\":82,\"height\":84,\"caption\":\"Ateneo Digital\"},\"image\":{\"@id\":\"https:\/\/www.cambiatumundo.org\/#\/schema\/logo\/image\/\"},\"sameAs\":[\"https:\/\/www.instagram.com\/ramonhornurena\/\"]}]}<\/script>\n<!-- \/ Yoast SEO plugin. -->","yoast_head_json":{"title":"\u00e1ngeles custodios - Cambia tu mundo - Empieza por ti","robots":{"index":"index","follow":"follow","max-snippet":"max-snippet:-1","max-image-preview":"max-image-preview:large","max-video-preview":"max-video-preview:-1"},"canonical":"https:\/\/www.cambiatumundo.org\/?page_id=1802","og_locale":"es_ES","og_type":"article","og_title":"\u00e1ngeles custodios - Cambia tu mundo - Empieza por ti","og_description":"Dos de octubre: d\u00eda de los \u00e1ngeles custodios.","og_url":"https:\/\/www.cambiatumundo.org\/?page_id=1802","og_site_name":"Cambia tu mundo - Empieza por ti","article_modified_time":"2023-10-07T11:39:04+00:00","twitter_card":"summary_large_image","twitter_misc":{"Tiempo de lectura":"1 minuto"},"schema":{"@context":"https:\/\/schema.org","@graph":[{"@type":"WebPage","@id":"https:\/\/www.cambiatumundo.org\/?page_id=1802","url":"https:\/\/www.cambiatumundo.org\/?page_id=1802","name":"\u00e1ngeles custodios - Cambia tu mundo - Empieza por ti","isPartOf":{"@id":"https:\/\/www.cambiatumundo.org\/#website"},"datePublished":"2023-10-02T11:36:14+00:00","dateModified":"2023-10-07T11:39:04+00:00","breadcrumb":{"@id":"https:\/\/www.cambiatumundo.org\/?page_id=1802#breadcrumb"},"inLanguage":"es","potentialAction":[{"@type":"ReadAction","target":["https:\/\/www.cambiatumundo.org\/?page_id=1802"]}]},{"@type":"BreadcrumbList","@id":"https:\/\/www.cambiatumundo.org\/?page_id=1802#breadcrumb","itemListElement":[{"@type":"ListItem","position":1,"name":"Portada","item":"https:\/\/www.cambiatumundo.org\/"},{"@type":"ListItem","position":2,"name":"\u00e1ngeles custodios"}]},{"@type":"WebSite","@id":"https:\/\/www.cambiatumundo.org\/#website","url":"https:\/\/www.cambiatumundo.org\/","name":"Cambia tu mundo - Empieza por ti","description":"la web de las personas que creen que un mundo mejor es posible","publisher":{"@id":"https:\/\/www.cambiatumundo.org\/#organization"},"potentialAction":[{"@type":"SearchAction","target":{"@type":"EntryPoint","urlTemplate":"https:\/\/www.cambiatumundo.org\/?s={search_term_string}"},"query-input":"required name=search_term_string"}],"inLanguage":"es"},{"@type":"Organization","@id":"https:\/\/www.cambiatumundo.org\/#organization","name":"Ateneo Digital","url":"https:\/\/www.cambiatumundo.org\/","logo":{"@type":"ImageObject","inLanguage":"es","@id":"https:\/\/www.cambiatumundo.org\/#\/schema\/logo\/image\/","url":"https:\/\/www.cambiatumundo.org\/wp-content\/uploads\/2022\/04\/cropped-LOGO-RAMON-e1648989857352.png","contentUrl":"https:\/\/www.cambiatumundo.org\/wp-content\/uploads\/2022\/04\/cropped-LOGO-RAMON-e1648989857352.png","width":82,"height":84,"caption":"Ateneo Digital"},"image":{"@id":"https:\/\/www.cambiatumundo.org\/#\/schema\/logo\/image\/"},"sameAs":["https:\/\/www.instagram.com\/ramonhornurena\/"]}]}},"_links":{"self":[{"href":"https:\/\/www.cambiatumundo.org\/index.php?rest_route=\/wp\/v2\/pages\/1802"}],"collection":[{"href":"https:\/\/www.cambiatumundo.org\/index.php?rest_route=\/wp\/v2\/pages"}],"about":[{"href":"https:\/\/www.cambiatumundo.org\/index.php?rest_route=\/wp\/v2\/types\/page"}],"author":[{"embeddable":true,"href":"https:\/\/www.cambiatumundo.org\/index.php?rest_route=\/wp\/v2\/users\/1"}],"replies":[{"embeddable":true,"href":"https:\/\/www.cambiatumundo.org\/index.php?rest_route=%2Fwp%2Fv2%2Fcomments&post=1802"}],"version-history":[{"count":6,"href":"https:\/\/www.cambiatumundo.org\/index.php?rest_route=\/wp\/v2\/pages\/1802\/revisions"}],"predecessor-version":[{"id":1812,"href":"https:\/\/www.cambiatumundo.org\/index.php?rest_route=\/wp\/v2\/pages\/1802\/revisions\/1812"}],"wp:attachment":[{"href":"https:\/\/www.cambiatumundo.org\/index.php?rest_route=%2Fwp%2Fv2%2Fmedia&parent=1802"}],"curies":[{"name":"wp","href":"https:\/\/api.w.org\/{rel}","templated":true}]}}