{"id":296,"date":"2020-11-16T17:54:01","date_gmt":"2020-11-16T17:54:01","guid":{"rendered":"https:\/\/www.cambiatumundo.org\/?page_id=296"},"modified":"2022-05-22T09:26:03","modified_gmt":"2022-05-22T09:26:03","slug":"ideario","status":"publish","type":"page","link":"https:\/\/www.cambiatumundo.org\/?page_id=296","title":{"rendered":"Ideario"},"content":{"rendered":"\n<p><\/p>\n\n\n\n<p>Fines de nuestra web Cambia tu Mundo.<\/p>\n\n\n\n<p>El mundo en que vivimos, a pesar de los muchos a\u00f1os que lleva el ser humano en el planeta Tierra, de las m\u00faltiples revoluciones \u2014cruentas o no\u2014 que hemos sufrido a lo largo de los siglos, sigue sin ser como nos gustar\u00eda. De hecho, no hemos alcanzado a\u00fan que se respeten los m\u00e1s b\u00e1sicos derechos humanos, en muchos lugares del planeta, y, ni siquiera, se respetan derechos fundamentales como el derecho a una vivienda digna o la libertad en todas sus facetas, en el llamado primer mundo.<\/p>\n\n\n\n<p>Los \u00abamos del mundo\u00bb, los de siempre, siguen esclavizando de una manera u otra a las personas en nuestro mundo del siglo XXI.<\/p>\n\n\n\n<p>Se ha demostrado a lo largo de la historia que los \u00abdue\u00f1os\u00bb de nuestras vidas no permiten, sin la presi\u00f3n ciudadana, la libertad, la justicia y el libre ejercicio de nuestros derechos humanos en el mundo.<\/p>\n\n\n\n<p>Es por esto, que surge la web \u00abCambia tu Mundo\u00bb, con el fin de mantener informados sobre asuntos que afectan directamente a nuestros derechos m\u00e1s fundamentales, promover la reflexi\u00f3n, la acci\u00f3n ciudadana pac\u00edfica, as\u00ed como llevar a cabo proyectos concretos para lograr cambios en nuestro mundo que mejoren nuestra calidad de vida y la de todos los seres que habitan nuestro planeta.<\/p>\n\n\n\n<p>La falta de respeto a los derechos humanos en todo el mundo, incluso en el llamado primer mundo, conlleva grandes sufrimientos e injusticias, que conducen a la p\u00e9rdida de vidas humanas diariamente en todo el mundo.<\/p>\n\n\n\n<p>La brecha norte-sur, las guerras y la falta de recursos b\u00e1sicos en el tercer mundo, conlleva el aumento de las migraciones y el crecimiento del n\u00famero de refugiados. Este hecho somete a nuevos retos al primer mundo, que no puede permanecer impasible sin ofrecer soluciones viables a este desgarrador fen\u00f3meno.<\/p>\n\n\n\n<p>Nuestra sociedad global precisa de cambios estructurales profundos. Desde \u00abCambia tu Mundo\u00bb promoveremos todo tipo de acciones para presionar a los pol\u00edticos, entes asociales y a los poderes del mundo a participar del cambio que precisa nuestro mundo.<\/p>\n\n\n\n<p>En esta web, de orientaci\u00f3n fundamentalmente cristiana, tienen cabida otros credos o formas de pensar, siempre que no atenten contra la \u00e9tica y respeten los derechos fundamentales de las personas. Es de desear que personas de credos no cristianos participen activamente en la web como espacio ecum\u00e9nico, ya que entre las distintas Iglesias y credos, a menudo, es m\u00e1s lo que nos une que lo que nos separa.<\/p>\n","protected":false},"excerpt":{"rendered":"<div class=\"mh-excerpt\"><p>Fines de nuestra web Cambia tu Mundo. El mundo en que vivimos, a pesar de los muchos a\u00f1os que lleva el ser humano en el planeta Tierra, de las m\u00faltiples revoluciones \u2014cruentas o no\u2014 que <a class=\"mh-excerpt-more\" href=\"https:\/\/www.cambiatumundo.org\/?page_id=296\" title=\"Ideario\">[&#8230;]<\/a><\/p>\n<\/div>","protected":false},"author":1,"featured_media":0,"parent":0,"menu_order":0,"comment_status":"closed","ping_status":"closed","template":"","meta":{"footnotes":""},"yoast_head":"<!-- This site is optimized with the Yoast SEO plugin v22.6 - https:\/\/yoast.com\/wordpress\/plugins\/seo\/ -->\n<title>Ideario - Cambia tu mundo - Empieza por ti<\/title>\n<meta name=\"robots\" content=\"index, follow, max-snippet:-1, max-image-preview:large, max-video-preview:-1\" \/>\n<link rel=\"canonical\" href=\"https:\/\/www.cambiatumundo.org\/?page_id=296\" \/>\n<meta property=\"og:locale\" content=\"es_ES\" \/>\n<meta property=\"og:type\" content=\"article\" \/>\n<meta property=\"og:title\" content=\"Ideario - Cambia tu mundo - Empieza por ti\" \/>\n<meta property=\"og:description\" content=\"Fines de nuestra web Cambia tu Mundo. El mundo en que vivimos, a pesar de los muchos a\u00f1os que lleva el ser humano en el planeta Tierra, de las m\u00faltiples revoluciones \u2014cruentas o no\u2014 que [...]\" \/>\n<meta property=\"og:url\" content=\"https:\/\/www.cambiatumundo.org\/?page_id=296\" \/>\n<meta property=\"og:site_name\" content=\"Cambia tu mundo - Empieza por ti\" \/>\n<meta property=\"article:modified_time\" content=\"2022-05-22T09:26:03+00:00\" \/>\n<meta name=\"twitter:card\" content=\"summary_large_image\" \/>\n<meta name=\"twitter:label1\" content=\"Tiempo de lectura\" \/>\n\t<meta name=\"twitter:data1\" content=\"2 minutos\" \/>\n<script type=\"application\/ld+json\" class=\"yoast-schema-graph\">{\"@context\":\"https:\/\/schema.org\",\"@graph\":[{\"@type\":\"WebPage\",\"@id\":\"https:\/\/www.cambiatumundo.org\/?page_id=296\",\"url\":\"https:\/\/www.cambiatumundo.org\/?page_id=296\",\"name\":\"Ideario - Cambia tu mundo - Empieza por ti\",\"isPartOf\":{\"@id\":\"https:\/\/www.cambiatumundo.org\/#website\"},\"datePublished\":\"2020-11-16T17:54:01+00:00\",\"dateModified\":\"2022-05-22T09:26:03+00:00\",\"breadcrumb\":{\"@id\":\"https:\/\/www.cambiatumundo.org\/?page_id=296#breadcrumb\"},\"inLanguage\":\"es\",\"potentialAction\":[{\"@type\":\"ReadAction\",\"target\":[\"https:\/\/www.cambiatumundo.org\/?page_id=296\"]}]},{\"@type\":\"BreadcrumbList\",\"@id\":\"https:\/\/www.cambiatumundo.org\/?page_id=296#breadcrumb\",\"itemListElement\":[{\"@type\":\"ListItem\",\"position\":1,\"name\":\"Portada\",\"item\":\"https:\/\/www.cambiatumundo.org\/\"},{\"@type\":\"ListItem\",\"position\":2,\"name\":\"Ideario\"}]},{\"@type\":\"WebSite\",\"@id\":\"https:\/\/www.cambiatumundo.org\/#website\",\"url\":\"https:\/\/www.cambiatumundo.org\/\",\"name\":\"Cambia tu mundo - Empieza por ti\",\"description\":\"la web de las personas que creen que un mundo mejor es posible\",\"publisher\":{\"@id\":\"https:\/\/www.cambiatumundo.org\/#organization\"},\"potentialAction\":[{\"@type\":\"SearchAction\",\"target\":{\"@type\":\"EntryPoint\",\"urlTemplate\":\"https:\/\/www.cambiatumundo.org\/?s={search_term_string}\"},\"query-input\":\"required name=search_term_string\"}],\"inLanguage\":\"es\"},{\"@type\":\"Organization\",\"@id\":\"https:\/\/www.cambiatumundo.org\/#organization\",\"name\":\"Ateneo Digital\",\"url\":\"https:\/\/www.cambiatumundo.org\/\",\"logo\":{\"@type\":\"ImageObject\",\"inLanguage\":\"es\",\"@id\":\"https:\/\/www.cambiatumundo.org\/#\/schema\/logo\/image\/\",\"url\":\"https:\/\/www.cambiatumundo.org\/wp-content\/uploads\/2022\/04\/cropped-LOGO-RAMON-e1648989857352.png\",\"contentUrl\":\"https:\/\/www.cambiatumundo.org\/wp-content\/uploads\/2022\/04\/cropped-LOGO-RAMON-e1648989857352.png\",\"width\":82,\"height\":84,\"caption\":\"Ateneo Digital\"},\"image\":{\"@id\":\"https:\/\/www.cambiatumundo.org\/#\/schema\/logo\/image\/\"},\"sameAs\":[\"https:\/\/www.instagram.com\/ramonhornurena\/\"]}]}<\/script>\n<!-- \/ Yoast SEO plugin. -->","yoast_head_json":{"title":"Ideario - Cambia tu mundo - Empieza por ti","robots":{"index":"index","follow":"follow","max-snippet":"max-snippet:-1","max-image-preview":"max-image-preview:large","max-video-preview":"max-video-preview:-1"},"canonical":"https:\/\/www.cambiatumundo.org\/?page_id=296","og_locale":"es_ES","og_type":"article","og_title":"Ideario - Cambia tu mundo - Empieza por ti","og_description":"Fines de nuestra web Cambia tu Mundo. El mundo en que vivimos, a pesar de los muchos a\u00f1os que lleva el ser humano en el planeta Tierra, de las m\u00faltiples revoluciones \u2014cruentas o no\u2014 que [...]","og_url":"https:\/\/www.cambiatumundo.org\/?page_id=296","og_site_name":"Cambia tu mundo - Empieza por ti","article_modified_time":"2022-05-22T09:26:03+00:00","twitter_card":"summary_large_image","twitter_misc":{"Tiempo de lectura":"2 minutos"},"schema":{"@context":"https:\/\/schema.org","@graph":[{"@type":"WebPage","@id":"https:\/\/www.cambiatumundo.org\/?page_id=296","url":"https:\/\/www.cambiatumundo.org\/?page_id=296","name":"Ideario - Cambia tu mundo - Empieza por ti","isPartOf":{"@id":"https:\/\/www.cambiatumundo.org\/#website"},"datePublished":"2020-11-16T17:54:01+00:00","dateModified":"2022-05-22T09:26:03+00:00","breadcrumb":{"@id":"https:\/\/www.cambiatumundo.org\/?page_id=296#breadcrumb"},"inLanguage":"es","potentialAction":[{"@type":"ReadAction","target":["https:\/\/www.cambiatumundo.org\/?page_id=296"]}]},{"@type":"BreadcrumbList","@id":"https:\/\/www.cambiatumundo.org\/?page_id=296#breadcrumb","itemListElement":[{"@type":"ListItem","position":1,"name":"Portada","item":"https:\/\/www.cambiatumundo.org\/"},{"@type":"ListItem","position":2,"name":"Ideario"}]},{"@type":"WebSite","@id":"https:\/\/www.cambiatumundo.org\/#website","url":"https:\/\/www.cambiatumundo.org\/","name":"Cambia tu mundo - Empieza por ti","description":"la web de las personas que creen que un mundo mejor es posible","publisher":{"@id":"https:\/\/www.cambiatumundo.org\/#organization"},"potentialAction":[{"@type":"SearchAction","target":{"@type":"EntryPoint","urlTemplate":"https:\/\/www.cambiatumundo.org\/?s={search_term_string}"},"query-input":"required name=search_term_string"}],"inLanguage":"es"},{"@type":"Organization","@id":"https:\/\/www.cambiatumundo.org\/#organization","name":"Ateneo Digital","url":"https:\/\/www.cambiatumundo.org\/","logo":{"@type":"ImageObject","inLanguage":"es","@id":"https:\/\/www.cambiatumundo.org\/#\/schema\/logo\/image\/","url":"https:\/\/www.cambiatumundo.org\/wp-content\/uploads\/2022\/04\/cropped-LOGO-RAMON-e1648989857352.png","contentUrl":"https:\/\/www.cambiatumundo.org\/wp-content\/uploads\/2022\/04\/cropped-LOGO-RAMON-e1648989857352.png","width":82,"height":84,"caption":"Ateneo Digital"},"image":{"@id":"https:\/\/www.cambiatumundo.org\/#\/schema\/logo\/image\/"},"sameAs":["https:\/\/www.instagram.com\/ramonhornurena\/"]}]}},"_links":{"self":[{"href":"https:\/\/www.cambiatumundo.org\/index.php?rest_route=\/wp\/v2\/pages\/296"}],"collection":[{"href":"https:\/\/www.cambiatumundo.org\/index.php?rest_route=\/wp\/v2\/pages"}],"about":[{"href":"https:\/\/www.cambiatumundo.org\/index.php?rest_route=\/wp\/v2\/types\/page"}],"author":[{"embeddable":true,"href":"https:\/\/www.cambiatumundo.org\/index.php?rest_route=\/wp\/v2\/users\/1"}],"replies":[{"embeddable":true,"href":"https:\/\/www.cambiatumundo.org\/index.php?rest_route=%2Fwp%2Fv2%2Fcomments&post=296"}],"version-history":[{"count":5,"href":"https:\/\/www.cambiatumundo.org\/index.php?rest_route=\/wp\/v2\/pages\/296\/revisions"}],"predecessor-version":[{"id":1601,"href":"https:\/\/www.cambiatumundo.org\/index.php?rest_route=\/wp\/v2\/pages\/296\/revisions\/1601"}],"wp:attachment":[{"href":"https:\/\/www.cambiatumundo.org\/index.php?rest_route=%2Fwp%2Fv2%2Fmedia&parent=296"}],"curies":[{"name":"wp","href":"https:\/\/api.w.org\/{rel}","templated":true}]}}